{"id":36,"date":"2016-05-18T06:07:06","date_gmt":"2016-05-18T06:07:06","guid":{"rendered":"http:\/\/mejores-si.com\/inicio\/?page_id=36"},"modified":"2016-06-04T02:55:17","modified_gmt":"2016-06-04T02:55:17","slug":"servicios-que-brindamos","status":"publish","type":"page","link":"http:\/\/mejores-si.com\/inicio\/servicios-que-brindamos\/","title":{"rendered":"Servicios que Brindamos"},"content":{"rendered":"<div class=\"container post-wrap rpage_wrap\">\n<div class=\"row-fluid\">\n<div id=\"services_section\">\n<div class=\"services_sec_first services_inner_sec clearfix\">\n<div class=\"span4\">\n<div class=\"row-fluid\">\n<div class=\"left_icon span4\"><i class=\"fa fa-cloud\">\u00a0<\/i><\/div>\n<div class=\"right_text span8\">\n<h4>Desarrollo WEB<\/h4>\n<div style='text-align:justify'>\nElaboraci\u00f3n de plataformas web \u00a0(e-commerce, e-bussines, bussines to bussiness, responsive, multi-chanel), utilizando est\u00e1ndares y herramientas de clase mundial (Cake Php, Laravel, Prestashop, Joomla, WordPress, Drupal).\n<\/div>\n<\/div>\n<\/div>\n<\/div>\n<div class=\"span4\">\n<div class=\"row-fluid\">\n<div class=\"left_icon span4\"><i class=\"fa fa-university\">\u00a0<\/i><\/div>\n<div class=\"right_text span8\">\n<h4>Capacitacion<\/h4>\n<div style='text-align:justify'>\n<ul>\n<li >Capacitaci\u00f3n S\u00e9nior al personal TI, en productos Oracle (Developer, Java-J2EE, JDeveloper, DB 10g, Mysql)<\/li>\n<li >Capacitaci\u00f3n en metodolog\u00edas para desarrollo de Software (Scrum, UML, Rup)<\/li>\n<\/ul>\n<\/div>\n<\/div>\n<\/div>\n<\/div>\n<div class=\"span4\">\n<div class=\"row-fluid\">\n<div class=\"left_icon span4\"><i class=\"fa fa-users\">\u00a0<\/i><\/div>\n<div class=\"right_text span8\">\n<h4>Outsourcing<\/h4>\n<div style='text-align:justify'>\n<ul>\n<li>Outsourcing de Desarrollo en plataformas Oracle, .NET, AS400, Delphi, Power Builder, MS Visual Studio, Android y web (PHP, ASP,  XHTML, Java).<\/li>\n<\/ul>\n<\/div>\n<\/div>\n<\/div>\n<\/div>\n<\/div>\n<div class=\"services_sec_second services_inner_sec clearfix\">\n<div class=\"span4\">\n<div class=\"row-fluid\">\n<div class=\"left_icon span4\"><i class=\"fa fa-user-secret\">\u00a0<\/i><\/div>\n<div class=\"right_text span8\">\n<h4>Consultor\u00eda y Asesor\u00eda<\/h4>\n<div style='text-align:justify'>\n<uL><\/p>\n<li>Administraci\u00f3n de proyectos (planificaci\u00f3n, organizaci\u00f3n, direcci\u00f3n y control).<\/li>\n<li>Inventario y Auditor\u00eda de procesos inform\u00e1ticos. Documentaci\u00f3n de procesos y t\u00e9cnica, Evaluaci\u00f3n de funcionamiento y rendimiento de la red y aplicaciones (pruebas de validaci\u00f3n y verificaci\u00f3n),  An\u00e1lisis,  dise\u00f1o, arquitectura y asesor\u00eda de aplicaciones a la medida  a nivel cient\u00edfico, comercial e industrial.<\/li>\n<\/ul>\n<\/div>\n<\/div>\n<\/div>\n<\/div>\n<div class=\"span4\">\n<div class=\"row-fluid\">\n<div class=\"left_icon span4\"><i class=\"fa fa-desktop\">\u00a0<\/i><\/div>\n<div class=\"right_text span8\">\n<h4>Software a la medida<\/h4>\n<div style='text-align:justify'>\n<li>Aplicaciones de escritorio y m\u00f3viles para redes locales o en la nube, en plataformas Unix, Windows, Android, utilizando bases de datos Oracle, MS-SQL, Firebird, MySql, Interbase, Anywhere. Con lenguajes Java, .Net, PHP, Visual Studio, XHTML, CSS, Javascript, Pascal, Delphi, Power builder, Visual Basic, Visual Fox y Perl.\n <\/li>\n<\/div>\n<\/div>\n<\/div>\n<\/div>\n<div class=\"span4\">\n<div class=\"row-fluid\">\n<div class=\"left_icon span4\"><i class=\"fa fa-star\">\u00a0<\/i><\/div>\n<div class=\"right_text span8\">\n<h4>Soporte y Mantenimiento de Software<\/h4>\n<div style='text-align:justify'>\n<li>Configuraci\u00f3n y soporte para aplicaciones SAP (R3, BO), Rational (Clear Quest, Clear Case), Microsoft (Dynamics), Aspel (COI, SAE, NOM), Open Source (Open Bravo, Open ERP, Dollibar).<\/li>\n<li> Ampliaci\u00f3n de aplicaciones existentes o de sistemas abiertos (Open ERP, Open Bravo, Dolibarr, Joomla, Drupal, Prestashop, WordPress). <\/li>\n<li>Interfaces de aplicaciones con diferente arquitectura, (Sap Bussines One, Dynamics, Diceros).<\/li>\n<\/div>\n<\/div>\n<\/div>\n<\/div>\n<\/div>\n<\/div>\n<\/div>\n<\/div>\n","protected":false},"excerpt":{"rendered":"<p>\u00a0 Desarrollo WEB Elaboraci\u00f3n de plataformas web \u00a0(e-commerce, e-bussines, bussines to bussiness, responsive, multi-chanel), utilizando est\u00e1ndares y herramientas de clase mundial (Cake Php, Laravel, Prestashop, Joomla, WordPress, Drupal). \u00a0 Capacitacion Capacitaci\u00f3n S\u00e9nior al personal TI, en productos Oracle (Developer, Java-J2EE, JDeveloper, DB 10g, Mysql) Capacitaci\u00f3n en metodolog\u00edas para desarrollo de&#8230;<\/p>\n","protected":false},"author":1,"featured_media":0,"parent":0,"menu_order":0,"comment_status":"closed","ping_status":"closed","template":"template-fullwidth.php","meta":{"footnotes":""},"class_list":["post-36","page","type-page","status-publish","hentry"],"_links":{"self":[{"href":"http:\/\/mejores-si.com\/inicio\/wp-json\/wp\/v2\/pages\/36"}],"collection":[{"href":"http:\/\/mejores-si.com\/inicio\/wp-json\/wp\/v2\/pages"}],"about":[{"href":"http:\/\/mejores-si.com\/inicio\/wp-json\/wp\/v2\/types\/page"}],"author":[{"embeddable":true,"href":"http:\/\/mejores-si.com\/inicio\/wp-json\/wp\/v2\/users\/1"}],"replies":[{"embeddable":true,"href":"http:\/\/mejores-si.com\/inicio\/wp-json\/wp\/v2\/comments?post=36"}],"version-history":[{"count":23,"href":"http:\/\/mejores-si.com\/inicio\/wp-json\/wp\/v2\/pages\/36\/revisions"}],"predecessor-version":[{"id":144,"href":"http:\/\/mejores-si.com\/inicio\/wp-json\/wp\/v2\/pages\/36\/revisions\/144"}],"wp:attachment":[{"href":"http:\/\/mejores-si.com\/inicio\/wp-json\/wp\/v2\/media?parent=36"}],"curies":[{"name":"wp","href":"https:\/\/api.w.org\/{rel}","templated":true}]}}